{"id":29206,"date":"2023-07-04T22:18:29","date_gmt":"2023-07-04T20:18:29","guid":{"rendered":"https:\/\/www.oenoconcept.ch\/analysen\/"},"modified":"2024-03-14T10:58:03","modified_gmt":"2024-03-14T09:58:03","slug":"analysen","status":"publish","type":"page","link":"https:\/\/www.oenoconcept.ch\/de\/analysen\/","title":{"rendered":"Analysen"},"content":{"rendered":"<p>[et_pb_section fb_built=&#8220;1&#8243; admin_label=&#8220;About&#8220; _builder_version=&#8220;4.20.0&#8243; _module_preset=&#8220;default&#8220; background_color=&#8220;gcid-1c7f682d-c09a-42e9-8b1c-535ba676533f&#8220; custom_margin=&#8220;||||false|false&#8220; custom_padding=&#8220;0px||0px||true|false&#8220; collapsed=&#8220;on&#8220; global_colors_info=&#8220;{%22gcid-1c7f682d-c09a-42e9-8b1c-535ba676533f%22:%91%22background_color%22%93}&#8220;][et_pb_row column_structure=&#8220;1_2,1_2&#8243; _builder_version=&#8220;4.20.0&#8243; _module_preset=&#8220;default&#8220; custom_padding=&#8220;0px||0px||true|false&#8220; global_colors_info=&#8220;{}&#8220;][et_pb_column type=&#8220;1_2&#8243; _builder_version=&#8220;4.20.0&#8243; _module_preset=&#8220;default&#8220; custom_padding=&#8220;8%||8%||true|false&#8220; global_colors_info=&#8220;{}&#8220;][et_pb_text _builder_version=&#8220;4.21.0&#8243; _module_preset=&#8220;65170876-292b-4a7f-b7d9-40e7270f2a40&#8243; global_colors_info=&#8220;{}&#8220;]<\/p>\n<h4>Oenoconcept S\u00e0rl<\/h4>\n<p>[\/et_pb_text][et_pb_divider color=&#8220;rgba(0,0,0,0.2)&#8220; divider_weight=&#8220;2px&#8220; _builder_version=&#8220;4.20.0&#8243; _module_preset=&#8220;default&#8220; custom_margin=&#8220;|-24%|||false|false&#8220; custom_margin_tablet=&#8220;|0%|||false|false&#8220; custom_margin_phone=&#8220;|0%|||false|false&#8220; custom_margin_last_edited=&#8220;on|tablet&#8220; global_colors_info=&#8220;{}&#8220;][\/et_pb_divider][et_pb_text _builder_version=&#8220;4.21.0&#8243; _module_preset=&#8220;20e9a4f6-8ae1-48c7-90c8-878e52c9e8b6&#8243; header_font=&#8220;Aleo||||||||&#8220; global_colors_info=&#8220;{}&#8220;]<\/p>\n<h1>Analysen<\/h1>\n<p>[\/et_pb_text][et_pb_text _builder_version=&#8220;4.21.0&#8243; _module_preset=&#8220;a466b2e3-d715-47ac-85bd-22e74cbbf527&#8243; global_colors_info=&#8220;{}&#8220;]Die Analysen spielen eine entscheidende Rolle bei der Weinbereitung und garantieren die konstante Qualit\u00e4t der Weine. Seit ihren Anf\u00e4ngen hat Oenoconcept.ch S\u00e0rl einen Service zur Sammlung von Proben eingerichtet, die direkt in den Weinkellern oder an speziellen Sammelstellen durchgef\u00fchrt werden. Diese Sammlung der Proben findet an jedem Montag ab Ende der Weinlese statt, um die Transportwege f\u00fcr unsere Kunden m\u00f6glichst kurz zu halten.[\/et_pb_text][\/et_pb_column][et_pb_column type=&#8220;1_2&#8243; _builder_version=&#8220;4.20.0&#8243; _module_preset=&#8220;default&#8220; global_colors_info=&#8220;{}&#8220;][et_pb_image src=&#8220;https:\/\/www.oenoconcept.ch\/wp-content\/uploads\/2023\/07\/Oenoconcept-Analyses-machine-scaled.jpg&#8220; title_text=&#8220;Oenoconcept &#8211; Analysen &#8211; Maschine&#8220; _builder_version=&#8220;4.21.0&#8243; _module_preset=&#8220;default&#8220; global_colors_info=&#8220;{}&#8220;][\/et_pb_image][\/et_pb_column][\/et_pb_row][\/et_pb_section][et_pb_section fb_built=&#8220;1&#8243; admin_label=&#8220;About&#8220; _builder_version=&#8220;4.20.0&#8243; _module_preset=&#8220;default&#8220; background_color=&#8220;gcid-de71f7e9-c73d-4bf6-9384-53a89cf199ff&#8220; custom_padding=&#8220;0px||0px||true|false&#8220; collapsed=&#8220;on&#8220; global_colors_info=&#8220;{%22gcid-de71f7e9-c73d-4bf6-9384-53a89cf199ff%22:%91%22background_color%22%93}&#8220;][et_pb_row column_structure=&#8220;1_2,1_2&#8243; _builder_version=&#8220;4.20.0&#8243; _module_preset=&#8220;default&#8220; custom_padding=&#8220;0px||0px||true|false&#8220; global_colors_info=&#8220;{}&#8220;][et_pb_column type=&#8220;1_2&#8243; _builder_version=&#8220;4.20.0&#8243; _module_preset=&#8220;default&#8220; global_colors_info=&#8220;{}&#8220;][et_pb_image src=&#8220;https:\/\/www.oenoconcept.ch\/wp-content\/uploads\/2023\/07\/Oenoconcept-Analyses-pipette-scaled.jpg&#8220; title_text=&#8220;Oenoconcept &#8211; Analysen &#8211; Pipette&#8220; _builder_version=&#8220;4.21.0&#8243; _module_preset=&#8220;default&#8220; custom_margin=&#8220;|||-10vw|false|false&#8220; custom_margin_tablet=&#8220;|-10vw||-10vw|false|true&#8220; custom_margin_phone=&#8220;|-10vw||-10vw|false|true&#8220; custom_margin_last_edited=&#8220;on|tablet&#8220; border_color_all=&#8220;#8a8569&#8243; border_width_top=&#8220;3vw&#8220; border_width_right=&#8220;3vw&#8220; border_width_top_tablet=&#8220;10vw&#8220; border_width_top_phone=&#8220;10vw&#8220; border_width_top_last_edited=&#8220;on|tablet&#8220; border_width_right_tablet=&#8220;10vw&#8220; border_width_right_phone=&#8220;10vw&#8220; border_width_right_last_edited=&#8220;on|tablet&#8220; global_colors_info=&#8220;{}&#8220;][\/et_pb_image][\/et_pb_column][et_pb_column type=&#8220;1_2&#8243; _builder_version=&#8220;4.20.0&#8243; _module_preset=&#8220;default&#8220; custom_padding=&#8220;8%||8%||true|true&#8220; global_colors_info=&#8220;{}&#8220;][et_pb_text _builder_version=&#8220;4.21.0&#8243; _module_preset=&#8220;6357085a-2272-4542-b842-3ccb32438844&#8243; custom_margin=&#8220;30px||||false|false&#8220; custom_margin_tablet=&#8220;30px||||false|false&#8220; custom_margin_phone=&#8220;0px||20px||false|false&#8220; custom_margin_last_edited=&#8220;on|phone&#8220; global_colors_info=&#8220;{}&#8220;]<\/p>\n<p>Seit 2014 hat unser Labor in die Technologie der enzymatischen Reaktionsanalyse investiert, die eine deutlich h\u00f6here Pr\u00e4zision bietet als die bisher weit verbreitete IRTF-Methode (Infrarot\/Statistik). Diese neue Technologie verbessert die Qualit\u00e4t, Pr\u00e4zision und Stabilit\u00e4t der Ergebnisse erheblich und st\u00e4rkt damit unser Engagement f\u00fcr unsere Kunden. Dar\u00fcber hinaus sind wir in der Lage, eine breite Palette von Analysen anzubieten, die oft f\u00fcr Weine erforderlich sind, die f\u00fcr den Export bestimmt sind.<\/p>\n<p>Bei Oenoconcept.ch S\u00e0rl sind wir uns der Bedeutung von Analysen bewusst, um eine ausgezeichnete Weinqualit\u00e4t zu gew\u00e4hrleisten und internationale Standards zu erf\u00fcllen. Dank unserer Expertise und modernster Ausstattung bieten wir einen zuverl\u00e4ssigen und pr\u00e4zisen Analyse-Service, der den Anforderungen der Weinproduzenten sowohl auf dem nationalen als auch internationalen Markt gerecht wird.<\/p>\n<p>[\/et_pb_text][\/et_pb_column][\/et_pb_row][\/et_pb_section][et_pb_section fb_built=&#8220;1&#8243; custom_padding_last_edited=&#8220;on|phone&#8220; admin_label=&#8220;Services&#8220; module_id=&#8220;Dienstleistungen&#8220; _builder_version=&#8220;4.21.0&#8243; _module_preset=&#8220;default&#8220; background_color=&#8220;gcid-1c7f682d-c09a-42e9-8b1c-535ba676533f&#8220; custom_padding_phone=&#8220;10px||||false|false&#8220; global_module=&#8220;28908&#8243; saved_tabs=&#8220;all&#8220; collapsed=&#8220;on&#8220; global_colors_info=&#8220;{%22gcid-1c7f682d-c09a-42e9-8b1c-535ba676533f%22:%91%22background_color%22%93}&#8220;][et_pb_row _builder_version=&#8220;4.20.0&#8243; _module_preset=&#8220;default&#8220; global_colors_info=&#8220;{}&#8220;][et_pb_column type=&#8220;4_4&#8243; _builder_version=&#8220;4.20.0&#8243; _module_preset=&#8220;default&#8220; global_colors_info=&#8220;{}&#8220;][et_pb_text _builder_version=&#8220;4.21.0&#8243; _module_preset=&#8220;c9535032-c14e-480e-a6f6-0fe850aaf5bd&#8220; custom_margin_tablet=&#8220;&#8220; custom_margin_phone=&#8220;||0px||false|false&#8220; custom_margin_last_edited=&#8220;on|phone&#8220; custom_padding=&#8220;||||false|false&#8220; global_colors_info=&#8220;{}&#8220;]<\/p>\n<h4>Unsere Dienstleistungen<\/h4>\n<p>[\/et_pb_text][\/et_pb_column][\/et_pb_row][et_pb_row column_structure=&#8220;3_5,2_5&#8243; _builder_version=&#8220;4.21.0&#8243; _module_preset=&#8220;default&#8220; border_color_all=&#8220;rgba(41,59,69,0.3)&#8220; border_width_bottom=&#8220;2px&#8220; global_colors_info=&#8220;{}&#8220;][et_pb_column type=&#8220;3_5&#8243; _builder_version=&#8220;4.20.0&#8243; _module_preset=&#8220;default&#8220; global_colors_info=&#8220;{}&#8220;][et_pb_blurb title=&#8220;Analysen&#8220; image=&#8220;https:\/\/www.oenoconcept.ch\/wp-content\/uploads\/2023\/06\/002-award.png&#8220; _builder_version=&#8220;4.21.0&#8243; _module_preset=&#8220;9b41348e-7e47-4de0-ae32-475e6abd82a9&#8243; header_font=&#8220;Aleo||||||||&#8220; link_option_url=&#8220;https:\/\/www.oenoconcept.ch\/analyses\/&#8220; locked=&#8220;off&#8220; global_colors_info=&#8220;{%22gcid-606d042f-c90f-4ea6-97e7-7b08f1ba25f6%22:%91%22header_2_text_color%22%93}&#8220; header_text_color__hover_enabled=&#8220;on|hover&#8220; header_text_color__hover=&#8220;&#8220; transform_styles__hover_enabled=&#8220;on|hover&#8220; transform_scale__hover_enabled=&#8220;on|hover&#8220; transform_translate__hover_enabled=&#8220;on|desktop&#8220; transform_rotate__hover_enabled=&#8220;on|desktop&#8220; transform_skew__hover_enabled=&#8220;on|desktop&#8220; transform_origin__hover_enabled=&#8220;on|desktop&#8220; transform_scale__hover=&#8220;102%|102%&#8220;][\/et_pb_blurb][\/et_pb_column][et_pb_column type=&#8220;2_5&#8243; _builder_version=&#8220;4.20.0&#8243; _module_preset=&#8220;default&#8220; global_colors_info=&#8220;{}&#8220;][et_pb_text _builder_version=&#8220;4.21.0&#8243; _module_preset=&#8220;cc2160ff-7546-422e-8975-69847c28b224&#8243; global_colors_info=&#8220;{}&#8220;]Analysen in der \u00d6nologie spielen eine entscheidende Rolle bei der Sicherung der Qualit\u00e4t von Weinen und bei Oenoconcept.ch S\u00e0rl bieten wir zuverl\u00e4ssige und pr\u00e4zise Analyseleistungen, die den internationalen Standards und den Anforderungen der Weinproduzenten entsprechen.[\/et_pb_text][\/et_pb_column][\/et_pb_row][et_pb_row column_structure=&#8220;3_5,2_5&#8243; _builder_version=&#8220;4.20.0&#8243; _module_preset=&#8220;default&#8220; border_color_all=&#8220;rgba(41,59,69,0.3)&#8220; border_width_bottom=&#8220;2px&#8220; global_colors_info=&#8220;{}&#8220;][et_pb_column type=&#8220;3_5&#8243; _builder_version=&#8220;4.20.0&#8243; _module_preset=&#8220;default&#8220; global_colors_info=&#8220;{}&#8220;][et_pb_blurb title=&#8220;Beratung&#8220; image=&#8220;https:\/\/www.oenoconcept.ch\/wp-content\/uploads\/2023\/06\/008-wine.png&#8220; _builder_version=&#8220;4.21.0&#8243; _module_preset=&#8220;9b41348e-7e47-4de0-ae32-475e6abd82a9&#8243; header_font=&#8220;Aleo||||||||&#8220; link_option_url=&#8220;https:\/\/www.oenoconcept.ch\/conseils\/&#8220; locked=&#8220;off&#8220; global_colors_info=&#8220;{%22gcid-606d042f-c90f-4ea6-97e7-7b08f1ba25f6%22:%91%22header_2_text_color%22,%22header_2_text_color%22%93}&#8220; transform_styles__hover_enabled=&#8220;on|desktop&#8220; transform_scale__hover=&#8220;102%|102%&#8220; transform_scale__hover_enabled=&#8220;on|desktop&#8220; transform_translate__hover_enabled=&#8220;on|desktop&#8220; transform_rotate__hover_enabled=&#8220;on|desktop&#8220; transform_skew__hover_enabled=&#8220;on|desktop&#8220; transform_origin__hover_enabled=&#8220;on|desktop&#8220;][\/et_pb_blurb][\/et_pb_column][et_pb_column type=&#8220;2_5&#8243; _builder_version=&#8220;4.20.0&#8243; _module_preset=&#8220;default&#8220; global_colors_info=&#8220;{}&#8220;][et_pb_text _builder_version=&#8220;4.21.0&#8243; _module_preset=&#8220;cc2160ff-7546-422e-8975-69847c28b224&#8243; global_colors_info=&#8220;{}&#8220;]Bei Oenoconcept.ch S\u00e0rl bieten unsere \u00f6nologischen Beratungsdienste externe Unterst\u00fctzung f\u00fcr Winzer, l\u00f6sen komplexe Situationen und verbessern die Weinqualit\u00e4t durch individuelle Betreuung und modernste Analysen.[\/et_pb_text][\/et_pb_column][\/et_pb_row][et_pb_row column_structure=&#8220;3_5,2_5&#8243; _builder_version=&#8220;4.20.0&#8243; _module_preset=&#8220;default&#8220; border_color_all=&#8220;rgba(41,59,69,0.3)&#8220; border_width_bottom=&#8220;2px&#8220; global_colors_info=&#8220;{}&#8220;][et_pb_column type=&#8220;3_5&#8243; _builder_version=&#8220;4.20.0&#8243; _module_preset=&#8220;default&#8220; global_colors_info=&#8220;{}&#8220;][et_pb_blurb title=&#8220;Verkostungen&#8220; image=&#8220;https:\/\/www.oenoconcept.ch\/wp-content\/uploads\/2023\/06\/010-cheers.png&#8220; _builder_version=&#8220;4.21.0&#8243; _module_preset=&#8220;9b41348e-7e47-4de0-ae32-475e6abd82a9&#8243; header_font=&#8220;Aleo||||||||&#8220; link_option_url=&#8220;https:\/\/www.oenoconcept.ch\/degustations\/&#8220; locked=&#8220;off&#8220; global_colors_info=&#8220;{%22gcid-606d042f-c90f-4ea6-97e7-7b08f1ba25f6%22:%91%22header_2_text_color%22,%22header_2_text_color%22%93}&#8220; transform_styles__hover_enabled=&#8220;on|hover&#8220; transform_scale__hover=&#8220;102%|102%&#8220; transform_scale__hover_enabled=&#8220;on|hover&#8220; transform_translate__hover_enabled=&#8220;on|desktop&#8220; transform_rotate__hover_enabled=&#8220;on|desktop&#8220; transform_skew__hover_enabled=&#8220;on|desktop&#8220; transform_origin__hover_enabled=&#8220;on|desktop&#8220;][\/et_pb_blurb][\/et_pb_column][et_pb_column type=&#8220;2_5&#8243; _builder_version=&#8220;4.20.0&#8243; _module_preset=&#8220;default&#8220; global_colors_info=&#8220;{}&#8220;][et_pb_text _builder_version=&#8220;4.21.0&#8243; _module_preset=&#8220;cc2160ff-7546-422e-8975-69847c28b224&#8243; global_colors_info=&#8220;{}&#8220;]Entdecken Sie die Kunst der Weinverkostung, sei es als Amateur oder Profi, w\u00e4hrend unserer fesselnden Kurse und massgeschneiderten Verkostungen. Erkunden Sie Anbaumethoden und Weinbereitung, entwickeln Sie Ihre sensorischen F\u00e4higkeiten und degustieren Sie eine vielf\u00e4ltige Auswahl von Schweizer Weinen. Kontaktieren Sie uns jetzt, um Ihren Platz zu reservieren.[\/et_pb_text][\/et_pb_column][\/et_pb_row][\/et_pb_section][et_pb_section fb_built=&#8220;1&#8243; admin_label=&#8220;Footer&#8220; _builder_version=&#8220;4.21.0&#8243; _module_preset=&#8220;default&#8220; background_color=&#8220;#293B45&#8243; use_background_color_gradient=&#8220;on&#8220; background_color_gradient_stops=&#8220;gcid-606d042f-c90f-4ea6-97e7-7b08f1ba25f6 20%|rgba(41,59,69,0.8) 100%&#8220; background_color_gradient_overlays_image=&#8220;on&#8220; background_image=&#8220;https:\/\/www.oenoconcept.ch\/wp-content\/uploads\/2023\/07\/Oenoconcept-Background-formulaire-contact.jpg&#8220; global_module=&#8220;28897&#8243; saved_tabs=&#8220;all&#8220; collapsed=&#8220;on&#8220; global_colors_info=&#8220;{%22gcid-606d042f-c90f-4ea6-97e7-7b08f1ba25f6%22:%91%22background_color_gradient_stops%22%93}&#8220;][et_pb_row column_structure=&#8220;1_2,1_2&#8243; _builder_version=&#8220;4.20.0&#8243; _module_preset=&#8220;default&#8220; global_colors_info=&#8220;{}&#8220;][et_pb_column type=&#8220;1_2&#8243; _builder_version=&#8220;4.20.0&#8243; _module_preset=&#8220;default&#8220; global_colors_info=&#8220;{}&#8220;][et_pb_image src=&#8220;https:\/\/www.oenoconcept.ch\/wp-content\/uploads\/2023\/08\/Oenoconcept_logo_RVB_Blanc.png&#8220; title_text=&#8220;Oenoconcept_logo_RVB_Blanc&#8220; align_tablet=&#8220;&#8220; align_phone=&#8220;center&#8220; align_last_edited=&#8220;on|phone&#8220; _builder_version=&#8220;4.21.0&#8243; _module_preset=&#8220;default&#8220; width=&#8220;60%&#8220; global_colors_info=&#8220;{}&#8220;][\/et_pb_image][et_pb_text _builder_version=&#8220;4.21.0&#8243; _module_preset=&#8220;a82778f4-348d-47d1-865e-080cf5e1336d&#8220; text_text_color=&#8220;#FFFFFF&#8220; global_colors_info=&#8220;{}&#8220;]<\/p>\n<p>Treten Sie ein in unsere Welt des Weinbaus und der Beratung. <\/p>\n<p>&nbsp;<\/p>\n<p>[\/et_pb_text][\/et_pb_column][et_pb_column type=&#8220;1_2&#8243; _builder_version=&#8220;4.20.0&#8243; _module_preset=&#8220;default&#8220; global_colors_info=&#8220;{}&#8220;][et_pb_contact_form captcha=&#8220;off&#8220; _builder_version=&#8220;4.21.0&#8243; _module_preset=&#8220;5ab9fa90-1c72-4d11-95ec-c193a0266d9b&#8220; locked=&#8220;off&#8220; global_colors_info=&#8220;{%22gcid-606d042f-c90f-4ea6-97e7-7b08f1ba25f6%22:%91%22button_text_color%22%93,%22gcid-1c7f682d-c09a-42e9-8b1c-535ba676533f%22:%91%22form_field_text_color%22%93}&#8220;][et_pb_contact_field field_id=&#8220;Nom&#8220; field_title=&#8220;Name&#8220; _builder_version=&#8220;4.21.0&#8243; _module_preset=&#8220;default&#8220; global_colors_info=&#8220;{}&#8220; button_text_size__hover_enabled=&#8220;off&#8220; button_one_text_size__hover_enabled=&#8220;off&#8220; button_two_text_size__hover_enabled=&#8220;off&#8220; button_text_color__hover_enabled=&#8220;off&#8220; button_one_text_color__hover_enabled=&#8220;off&#8220; button_two_text_color__hover_enabled=&#8220;off&#8220; button_border_width__hover_enabled=&#8220;off&#8220; button_one_border_width__hover_enabled=&#8220;off&#8220; button_two_border_width__hover_enabled=&#8220;off&#8220; button_border_color__hover_enabled=&#8220;off&#8220; button_one_border_color__hover_enabled=&#8220;off&#8220; button_two_border_color__hover_enabled=&#8220;off&#8220; button_border_radius__hover_enabled=&#8220;off&#8220; button_one_border_radius__hover_enabled=&#8220;off&#8220; button_two_border_radius__hover_enabled=&#8220;off&#8220; button_letter_spacing__hover_enabled=&#8220;off&#8220; button_one_letter_spacing__hover_enabled=&#8220;off&#8220; button_two_letter_spacing__hover_enabled=&#8220;off&#8220; button_bg_color__hover_enabled=&#8220;off&#8220; button_one_bg_color__hover_enabled=&#8220;off&#8220; button_two_bg_color__hover_enabled=&#8220;off&#8220;][\/et_pb_contact_field][et_pb_contact_field field_id=&#8220;Email&#8220; field_title=&#8220;E-Mail-Adresse&#8220; field_type=&#8220;email&#8220; _builder_version=&#8220;4.21.0&#8243; _module_preset=&#8220;default&#8220; global_colors_info=&#8220;{}&#8220; button_text_size__hover_enabled=&#8220;off&#8220; button_one_text_size__hover_enabled=&#8220;off&#8220; button_two_text_size__hover_enabled=&#8220;off&#8220; button_text_color__hover_enabled=&#8220;off&#8220; button_one_text_color__hover_enabled=&#8220;off&#8220; button_two_text_color__hover_enabled=&#8220;off&#8220; button_border_width__hover_enabled=&#8220;off&#8220; button_one_border_width__hover_enabled=&#8220;off&#8220; button_two_border_width__hover_enabled=&#8220;off&#8220; button_border_color__hover_enabled=&#8220;off&#8220; button_one_border_color__hover_enabled=&#8220;off&#8220; button_two_border_color__hover_enabled=&#8220;off&#8220; button_border_radius__hover_enabled=&#8220;off&#8220; button_one_border_radius__hover_enabled=&#8220;off&#8220; button_two_border_radius__hover_enabled=&#8220;off&#8220; button_letter_spacing__hover_enabled=&#8220;off&#8220; button_one_letter_spacing__hover_enabled=&#8220;off&#8220; button_two_letter_spacing__hover_enabled=&#8220;off&#8220; button_bg_color__hover_enabled=&#8220;off&#8220; button_one_bg_color__hover_enabled=&#8220;off&#8220; button_two_bg_color__hover_enabled=&#8220;off&#8220;][\/et_pb_contact_field][et_pb_contact_field field_id=&#8220;Message&#8220; field_title=&#8220;Nachricht&#8220; field_type=&#8220;text&#8220; fullwidth_field=&#8220;on&#8220; _builder_version=&#8220;4.21.0&#8243; _module_preset=&#8220;default&#8220; global_colors_info=&#8220;{}&#8220; button_text_size__hover_enabled=&#8220;off&#8220; button_one_text_size__hover_enabled=&#8220;off&#8220; button_two_text_size__hover_enabled=&#8220;off&#8220; button_text_color__hover_enabled=&#8220;off&#8220; button_one_text_color__hover_enabled=&#8220;off&#8220; button_two_text_color__hover_enabled=&#8220;off&#8220; button_border_width__hover_enabled=&#8220;off&#8220; button_one_border_width__hover_enabled=&#8220;off&#8220; button_two_border_width__hover_enabled=&#8220;off&#8220; button_border_color__hover_enabled=&#8220;off&#8220; button_one_border_color__hover_enabled=&#8220;off&#8220; button_two_border_color__hover_enabled=&#8220;off&#8220; button_border_radius__hover_enabled=&#8220;off&#8220; button_one_border_radius__hover_enabled=&#8220;off&#8220; button_two_border_radius__hover_enabled=&#8220;off&#8220; button_letter_spacing__hover_enabled=&#8220;off&#8220; button_one_letter_spacing__hover_enabled=&#8220;off&#8220; button_two_letter_spacing__hover_enabled=&#8220;off&#8220; button_bg_color__hover_enabled=&#8220;off&#8220; button_one_bg_color__hover_enabled=&#8220;off&#8220; button_two_bg_color__hover_enabled=&#8220;off&#8220;][\/et_pb_contact_field][\/et_pb_contact_form][\/et_pb_column][\/et_pb_row][et_pb_row column_structure=&#8220;3_4,1_4&#8243; _builder_version=&#8220;4.20.0&#8243; _module_preset=&#8220;default&#8220; global_colors_info=&#8220;{}&#8220;][et_pb_column type=&#8220;3_4&#8243; _builder_version=&#8220;4.20.0&#8243; _module_preset=&#8220;default&#8220; global_colors_info=&#8220;{}&#8220;][et_pb_text _builder_version=&#8220;4.21.0&#8243; _module_preset=&#8220;6ab266ce-9303-4abf-bae8-219bcfc1e971&#8243; header_4_font=&#8220;Aleo||||||||&#8220; header_4_text_color=&#8220;#FFFFFF&#8220; custom_margin=&#8220;||10px||false|false&#8220; global_colors_info=&#8220;{}&#8220;]<\/p>\n<h4>+41 79 779 23 62<\/h4>\n<p>[\/et_pb_text][et_pb_text _builder_version=&#8220;4.21.0&#8243; _module_preset=&#8220;a82778f4-348d-47d1-865e-080cf5e1336d&#8220; text_text_color=&#8220;#FFFFFF&#8220; link_text_color=&#8220;#FFFFFF&#8220; custom_margin=&#8220;||10px||false|false&#8220; global_colors_info=&#8220;{}&#8220;]<\/p>\n<p>labo@oenoconcept.ch<\/p>\n<p>[\/et_pb_text][\/et_pb_column][et_pb_column type=&#8220;1_4&#8243; _builder_version=&#8220;4.20.0&#8243; _module_preset=&#8220;default&#8220; global_colors_info=&#8220;{}&#8220;][et_pb_social_media_follow _builder_version=&#8220;4.21.0&#8243; _module_preset=&#8220;default&#8220; text_orientation=&#8220;right&#8220; custom_margin=&#8220;12px||12px||false|false&#8220; hover_enabled=&#8220;0&#8243; global_colors_info=&#8220;{}&#8220; sticky_enabled=&#8220;0&#8243;][et_pb_social_media_follow_network social_network=&#8220;facebook&#8220; _builder_version=&#8220;4.21.0&#8243; _module_preset=&#8220;default&#8220; hover_enabled=&#8220;0&#8243; global_colors_info=&#8220;{}&#8220; follow_button=&#8220;off&#8220; url_new_window=&#8220;on&#8220; url=&#8220;https:\/\/www.facebook.com\/oenoconcept&#8220; sticky_enabled=&#8220;0&#8243;]facebook[\/et_pb_social_media_follow_network][et_pb_social_media_follow_network social_network=&#8220;linkedin&#8220; background_color=&#8220;#007bb6&#8243; _builder_version=&#8220;4.21.0&#8243; _module_preset=&#8220;default&#8220; follow_button=&#8220;off&#8220; url_new_window=&#8220;on&#8220; url=&#8220;https:\/\/www.linkedin.com\/company\/oenoconcept-s%C3%A0rl\/&#8220; hover_enabled=&#8220;0&#8243; sticky_enabled=&#8220;0&#8243;]linkedin[\/et_pb_social_media_follow_network][\/et_pb_social_media_follow][\/et_pb_column][\/et_pb_row][et_pb_row _builder_version=&#8220;4.20.0&#8243; _module_preset=&#8220;default&#8220; custom_padding=&#8220;10px||10px||true|false&#8220; border_color_all=&#8220;#FFFFFF&#8220; border_width_top=&#8220;1px&#8220; global_colors_info=&#8220;{}&#8220;][et_pb_column type=&#8220;4_4&#8243; _builder_version=&#8220;4.20.0&#8243; _module_preset=&#8220;default&#8220; global_colors_info=&#8220;{}&#8220;][et_pb_text _builder_version=&#8220;4.21.0&#8243; _module_preset=&#8220;a82778f4-348d-47d1-865e-080cf5e1336d&#8220; text_text_color=&#8220;#FFFFFF&#8220; global_colors_info=&#8220;{}&#8220;]<\/p>\n<p>Alle Rechte vorbehalten.<\/p>\n<p>[\/et_pb_text][\/et_pb_column][\/et_pb_row][\/et_pb_section]<\/p>\n","protected":false},"excerpt":{"rendered":"<p>Oenoconcept S\u00e0rlAnalysenDie Analysen spielen eine entscheidende Rolle bei der Weinbereitung und garantieren die konstante Qualit\u00e4t der Weine. Seit ihren Anf\u00e4ngen hat Oenoconcept.ch S\u00e0rl einen Service zur Sammlung von Proben eingerichtet, die direkt in den Weinkellern oder an speziellen Sammelstellen durchgef\u00fchrt werden. Diese Sammlung der Proben findet an jedem Montag ab Ende der Weinlese statt, um [&hellip;]<\/p>\n","protected":false},"author":1,"featured_media":0,"parent":0,"menu_order":0,"comment_status":"closed","ping_status":"closed","template":"","meta":{"_et_pb_use_builder":"on","_et_pb_old_content":"","_et_gb_content_width":"","footnotes":""},"class_list":["post-29206","page","type-page","status-publish","hentry"],"_links":{"self":[{"href":"https:\/\/www.oenoconcept.ch\/de\/wp-json\/wp\/v2\/pages\/29206","targetHints":{"allow":["GET"]}}],"collection":[{"href":"https:\/\/www.oenoconcept.ch\/de\/wp-json\/wp\/v2\/pages"}],"about":[{"href":"https:\/\/www.oenoconcept.ch\/de\/wp-json\/wp\/v2\/types\/page"}],"author":[{"embeddable":true,"href":"https:\/\/www.oenoconcept.ch\/de\/wp-json\/wp\/v2\/users\/1"}],"replies":[{"embeddable":true,"href":"https:\/\/www.oenoconcept.ch\/de\/wp-json\/wp\/v2\/comments?post=29206"}],"version-history":[{"count":2,"href":"https:\/\/www.oenoconcept.ch\/de\/wp-json\/wp\/v2\/pages\/29206\/revisions"}],"predecessor-version":[{"id":29208,"href":"https:\/\/www.oenoconcept.ch\/de\/wp-json\/wp\/v2\/pages\/29206\/revisions\/29208"}],"wp:attachment":[{"href":"https:\/\/www.oenoconcept.ch\/de\/wp-json\/wp\/v2\/media?parent=29206"}],"curies":[{"name":"wp","href":"https:\/\/api.w.org\/{rel}","templated":true}]}}